{"id":161,"date":"2020-03-29T16:27:12","date_gmt":"2020-03-29T14:27:12","guid":{"rendered":"http:\/\/localhost:8888\/wordpress\/?page_id=161"},"modified":"2022-09-25T20:38:46","modified_gmt":"2022-09-25T18:38:46","slug":"semaine-chantante-2019","status":"publish","type":"page","link":"http:\/\/choeurdesrivesdelathur.com\/index.php\/semaine-chantante-2019\/","title":{"rendered":"SEMAINE CHANTANTE"},"content":{"rendered":"\n<div class=\"wp-block-columns is-layout-flex wp-container-core-columns-is-layout-9d6595d7 wp-block-columns-is-layout-flex\">\n<div class=\"wp-block-column is-layout-flow wp-block-column-is-layout-flow\">\n<p><\/p>\n<\/div>\n\n\n\n<div class=\"wp-block-column is-layout-flow wp-block-column-is-layout-flow\">\n<p><\/p>\n<\/div>\n<\/div>\n\n\n\n<div class=\"wp-block-group\"><div class=\"wp-block-group__inner-container is-layout-flow wp-block-group-is-layout-flow\">\n<p class=\"has-very-light-gray-background-color has-background\" style=\"font-size:17px\">La Semaine Chantante est organis\u00e9e, chaque \u00e9t\u00e9, dans le cadre des Journ\u00e9es Musicales du Pays Thann-Cernay et se d\u00e9roule derni\u00e8re quinzaine d\u2019ao\u00fbt.<br>Cr\u00e9\u00e9e, il y a plus de 35 ans par Fran\u00e7ois Keller, elle attire tous les ans un public nombreux, int\u00e9ress\u00e9&nbsp;par une semaine de chant dans une ambiance conviviale et agr\u00e9able.<br>Organis\u00e9e par le Ch\u0153ur des Rives de la Thur, elle est anim\u00e9e par 2 chefs de ch\u0153ur, dont&nbsp;&nbsp;Pascale PARAYRE, cheffe de ch\u0153ur du CRT. L\u2019accompagnement instrumental est assur\u00e9 par Beno\u00eet PARAYRE.<br>Les choristes sont accueillis \u00e0 l\u2019Ecole du Bungert tous les soirs de la semaine,&nbsp;du lundi au mardi suivant, de 18 h \u00e0 22 h,&nbsp;pour pr\u00e9parer le concert qui a lieu \u00e0 Coll\u00e9giale de Thann, une semaine environ, apr\u00e8s la premi\u00e8re r\u00e9p\u00e9tition.<br>Le programme propos\u00e9 par les deux chefs de ch\u0153ur est souvent compos\u00e9 de polyphonies vari\u00e9es \u00e0 3 ou 4 voix, profanes et sacr\u00e9es, de styles, d&rsquo;\u00e9poques, de compositeurs diff\u00e9rents.<br><br><strong>Tout le monde y trouve son bonheur&nbsp;! Aucune comp\u00e9tence particuli\u00e8re n\u2019est requise, si ce n\u2019est le plaisir de chanter, dans une ambiance de travail conviviale. Toutes les voix sont les bienvenues, un appel particulier est lanc\u00e9 aux messieurs.<br>Si vous aimez chanter et si vous souhaitez prendre part \u00e0 cette semaine de rencontre et d\u2019\u00e9change musical unique, n\u2019h\u00e9sitez pas \u00e0 nous contacter via notre site internet.<\/strong><\/p>\n\n\n\n<p><\/p>\n<\/div><\/div>\n\n\n<div class=\"wp-block-image\">\n<figure class=\"aligncenter size-large\"><img loading=\"lazy\" decoding=\"async\" width=\"1024\" height=\"682\" src=\"http:\/\/exijfav.cluster030.hosting.ovh.net\/wp-content\/uploads\/2022\/09\/semchant1-1-1024x682.jpg\" alt=\"\" class=\"wp-image-727\" srcset=\"http:\/\/choeurdesrivesdelathur.com\/wp-content\/uploads\/2022\/09\/semchant1-1-1024x682.jpg 1024w, http:\/\/choeurdesrivesdelathur.com\/wp-content\/uploads\/2022\/09\/semchant1-1-300x200.jpg 300w, http:\/\/choeurdesrivesdelathur.com\/wp-content\/uploads\/2022\/09\/semchant1-1-768x512.jpg 768w, http:\/\/choeurdesrivesdelathur.com\/wp-content\/uploads\/2022\/09\/semchant1-1.jpg 1051w\" sizes=\"auto, (max-width: 1024px) 100vw, 1024px\" \/><\/figure>\n<\/div>\n\n<div class=\"wp-block-image\">\n<figure class=\"aligncenter size-large\"><img loading=\"lazy\" decoding=\"async\" width=\"1024\" height=\"678\" src=\"http:\/\/exijfav.cluster030.hosting.ovh.net\/wp-content\/uploads\/2022\/09\/semchant2-1-1024x678.jpg\" alt=\"\" class=\"wp-image-728\" srcset=\"http:\/\/choeurdesrivesdelathur.com\/wp-content\/uploads\/2022\/09\/semchant2-1-1024x678.jpg 1024w, http:\/\/choeurdesrivesdelathur.com\/wp-content\/uploads\/2022\/09\/semchant2-1-300x199.jpg 300w, http:\/\/choeurdesrivesdelathur.com\/wp-content\/uploads\/2022\/09\/semchant2-1-768x509.jpg 768w, http:\/\/choeurdesrivesdelathur.com\/wp-content\/uploads\/2022\/09\/semchant2-1-1536x1018.jpg 1536w, http:\/\/choeurdesrivesdelathur.com\/wp-content\/uploads\/2022\/09\/semchant2-1.jpg 1600w\" sizes=\"auto, (max-width: 1024px) 100vw, 1024px\" \/><\/figure>\n<\/div>","protected":false},"excerpt":{"rendered":"<p>La Semaine Chantante est organis\u00e9e, chaque \u00e9t\u00e9, dans le cadre des Journ\u00e9es Musicales du Pays Thann-Cernay et se d\u00e9roule derni\u00e8re quinzaine d\u2019ao\u00fbt.Cr\u00e9\u00e9e, il y a plus de 35 ans par Fran\u00e7ois Keller, elle attire tous les ans un public nombreux, &hellip; <a href=\"http:\/\/choeurdesrivesdelathur.com\/index.php\/semaine-chantante-2019\/\">Lire la suite\u00ad\u00ad<\/a><\/p>\n","protected":false},"author":1,"featured_media":0,"parent":0,"menu_order":0,"comment_status":"closed","ping_status":"closed","template":"","meta":{"kt_blocks_editor_width":"","footnotes":""},"class_list":["post-161","page","type-page","status-publish","hentry"],"_links":{"self":[{"href":"http:\/\/choeurdesrivesdelathur.com\/index.php\/wp-json\/wp\/v2\/pages\/161","targetHints":{"allow":["GET"]}}],"collection":[{"href":"http:\/\/choeurdesrivesdelathur.com\/index.php\/wp-json\/wp\/v2\/pages"}],"about":[{"href":"http:\/\/choeurdesrivesdelathur.com\/index.php\/wp-json\/wp\/v2\/types\/page"}],"author":[{"embeddable":true,"href":"http:\/\/choeurdesrivesdelathur.com\/index.php\/wp-json\/wp\/v2\/users\/1"}],"replies":[{"embeddable":true,"href":"http:\/\/choeurdesrivesdelathur.com\/index.php\/wp-json\/wp\/v2\/comments?post=161"}],"version-history":[{"count":4,"href":"http:\/\/choeurdesrivesdelathur.com\/index.php\/wp-json\/wp\/v2\/pages\/161\/revisions"}],"predecessor-version":[{"id":1108,"href":"http:\/\/choeurdesrivesdelathur.com\/index.php\/wp-json\/wp\/v2\/pages\/161\/revisions\/1108"}],"wp:attachment":[{"href":"http:\/\/choeurdesrivesdelathur.com\/index.php\/wp-json\/wp\/v2\/media?parent=161"}],"curies":[{"name":"wp","href":"https:\/\/api.w.org\/{rel}","templated":true}]}}