{"id":322,"date":"2020-10-01T19:13:44","date_gmt":"2020-10-01T17:13:44","guid":{"rendered":"http:\/\/localhost:8888\/wordpress\/?page_id=322"},"modified":"2022-09-18T22:41:06","modified_gmt":"2022-09-18T20:41:06","slug":"repertoire","status":"publish","type":"page","link":"http:\/\/choeurdesrivesdelathur.com\/index.php\/repertoire\/","title":{"rendered":"REPERTOIRE"},"content":{"rendered":"\n<div style=\"height:49px\" aria-hidden=\"true\" class=\"wp-block-spacer\"><\/div>\n\n\n\n<p class=\"has-very-light-gray-background-color has-background\">Le Choeur des Rives de la Thur a fait le choix de s&rsquo;atteler aux grandes oeuvres du r\u00e9pertoire choral en essayant de trouver, toujours et sans rel\u00e2che, une v\u00e9rit\u00e9, une authenticit\u00e9, une justesse et un plaisir dans son expression.<\/p>\n\n\n\n<div style=\"height:36px\" aria-hidden=\"true\" class=\"wp-block-spacer\"><\/div>\n\n\n\n<h3 class=\"has-text-color wp-block-heading\" style=\"color:#2d8fff\">quelques extraits sonores<\/h3>\n\n\n\n<figure class=\"wp-block-audio\"><audio controls src=\"http:\/\/exijfav.cluster030.hosting.ovh.net\/wp-content\/uploads\/2022\/09\/Gloria.mp3\"><\/audio><figcaption>Gloria Vivaldi<\/figcaption><\/figure>\n\n\n\n<figure class=\"wp-block-audio\"><audio controls src=\"http:\/\/exijfav.cluster030.hosting.ovh.net\/wp-content\/uploads\/2022\/09\/Requiem-Durufle.mp3\"><\/audio><figcaption>Requiem Durufl\u00e9<\/figcaption><\/figure>\n\n\n\n<p><\/p>\n","protected":false},"excerpt":{"rendered":"<p>Le Choeur des Rives de la Thur a fait le choix de s&rsquo;atteler aux grandes oeuvres du r\u00e9pertoire choral en essayant de trouver, toujours et sans rel\u00e2che, une v\u00e9rit\u00e9, une authenticit\u00e9, une justesse et un plaisir dans son expression. quelques &hellip; <a href=\"http:\/\/choeurdesrivesdelathur.com\/index.php\/repertoire\/\">Lire la suite\u00ad\u00ad<\/a><\/p>\n","protected":false},"author":1,"featured_media":0,"parent":0,"menu_order":0,"comment_status":"closed","ping_status":"closed","template":"","meta":{"kt_blocks_editor_width":"","footnotes":""},"class_list":["post-322","page","type-page","status-publish","hentry"],"_links":{"self":[{"href":"http:\/\/choeurdesrivesdelathur.com\/index.php\/wp-json\/wp\/v2\/pages\/322","targetHints":{"allow":["GET"]}}],"collection":[{"href":"http:\/\/choeurdesrivesdelathur.com\/index.php\/wp-json\/wp\/v2\/pages"}],"about":[{"href":"http:\/\/choeurdesrivesdelathur.com\/index.php\/wp-json\/wp\/v2\/types\/page"}],"author":[{"embeddable":true,"href":"http:\/\/choeurdesrivesdelathur.com\/index.php\/wp-json\/wp\/v2\/users\/1"}],"replies":[{"embeddable":true,"href":"http:\/\/choeurdesrivesdelathur.com\/index.php\/wp-json\/wp\/v2\/comments?post=322"}],"version-history":[{"count":1,"href":"http:\/\/choeurdesrivesdelathur.com\/index.php\/wp-json\/wp\/v2\/pages\/322\/revisions"}],"predecessor-version":[{"id":717,"href":"http:\/\/choeurdesrivesdelathur.com\/index.php\/wp-json\/wp\/v2\/pages\/322\/revisions\/717"}],"wp:attachment":[{"href":"http:\/\/choeurdesrivesdelathur.com\/index.php\/wp-json\/wp\/v2\/media?parent=322"}],"curies":[{"name":"wp","href":"https:\/\/api.w.org\/{rel}","templated":true}]}}