{"id":975,"date":"2024-06-16T21:13:25","date_gmt":"2024-06-16T19:13:25","guid":{"rendered":"http:\/\/choeurdesrivesdelathur.com\/?page_id=975"},"modified":"2024-06-16T21:33:36","modified_gmt":"2024-06-16T19:33:36","slug":"contact-2","status":"publish","type":"page","link":"http:\/\/choeurdesrivesdelathur.com\/index.php\/contact-2\/","title":{"rendered":"Contact"},"content":{"rendered":"\n<p>Pour tous renseignements, n&rsquo;h\u00e9sitez pas \u00e0 contacter par mail la cheffe de ch\u0153ur\u00a0:<\/p>\n\n\n\n<p><strong>Pascale Parayre\u00a0<\/strong>: <strong>pascaleparayre.pp@gmail.com<\/strong><\/p>\n","protected":false},"excerpt":{"rendered":"<p>Pour tous renseignements, n&rsquo;h\u00e9sitez pas \u00e0 contacter par mail la cheffe de ch\u0153ur\u00a0: Pascale Parayre\u00a0: pascaleparayre.pp@gmail.com<\/p>\n","protected":false},"author":1,"featured_media":0,"parent":0,"menu_order":0,"comment_status":"closed","ping_status":"closed","template":"","meta":{"kt_blocks_editor_width":"","footnotes":""},"class_list":["post-975","page","type-page","status-publish","hentry"],"_links":{"self":[{"href":"http:\/\/choeurdesrivesdelathur.com\/index.php\/wp-json\/wp\/v2\/pages\/975","targetHints":{"allow":["GET"]}}],"collection":[{"href":"http:\/\/choeurdesrivesdelathur.com\/index.php\/wp-json\/wp\/v2\/pages"}],"about":[{"href":"http:\/\/choeurdesrivesdelathur.com\/index.php\/wp-json\/wp\/v2\/types\/page"}],"author":[{"embeddable":true,"href":"http:\/\/choeurdesrivesdelathur.com\/index.php\/wp-json\/wp\/v2\/users\/1"}],"replies":[{"embeddable":true,"href":"http:\/\/choeurdesrivesdelathur.com\/index.php\/wp-json\/wp\/v2\/comments?post=975"}],"version-history":[{"count":4,"href":"http:\/\/choeurdesrivesdelathur.com\/index.php\/wp-json\/wp\/v2\/pages\/975\/revisions"}],"predecessor-version":[{"id":981,"href":"http:\/\/choeurdesrivesdelathur.com\/index.php\/wp-json\/wp\/v2\/pages\/975\/revisions\/981"}],"wp:attachment":[{"href":"http:\/\/choeurdesrivesdelathur.com\/index.php\/wp-json\/wp\/v2\/media?parent=975"}],"curies":[{"name":"wp","href":"https:\/\/api.w.org\/{rel}","templated":true}]}}